{"id":1085,"date":"2020-08-19T07:13:26","date_gmt":"2020-08-19T05:13:26","guid":{"rendered":"https:\/\/familyservices54.fr\/?page_id=1085"},"modified":"2023-10-27T14:56:06","modified_gmt":"2023-10-27T12:56:06","slug":"our-produce","status":"publish","type":"page","link":"https:\/\/familyservices54.fr\/?page_id=1085","title":{"rendered":"Nos services"},"content":{"rendered":"\n<div class=\"wp-block-uagb-container uagb-block-d15f3b51 alignfull uagb-is-root-container\"><div class=\"uagb-container-inner-blocks-wrap\">\n<div class=\"wp-block-uagb-info-box uagb-block-9f60b732 uagb-infobox__content-wrap  uagb-infobox-icon-above-title uagb-infobox-image-valign-top\"><div class=\"uagb-ifb-content\"><div class=\"uagb-ifb-title-wrap\"><div class=\"uagb-ifb-separator\"><\/div><h1 class=\"uagb-ifb-title\">Nos services<\/h1><\/div><\/div><\/div>\n<\/div><\/div>\n\n\n\n<div class=\"wp-block-uagb-container uagb-block-27af8c58 alignfull uagb-is-root-container\"><div class=\"uagb-container-inner-blocks-wrap\">\n<div class=\"wp-block-uagb-container uagb-block-4b55a59c\">\n<div class=\"wp-block-uagb-image uagb-block-00a90f4c wp-block-uagb-image--layout-default wp-block-uagb-image--effect-static wp-block-uagb-image--align-none\"><figure class=\"wp-block-uagb-image__figure\"><img decoding=\"async\" srcset=\"https:\/\/familyservices54.fr\/wp-content\/uploads\/2023\/10\/Logo-FAMILYSERVICES54.png ,http:\/\/familyservices54.fr\/wp-content\/uploads\/2023\/10\/Logo-FAMILYSERVICES54.png 780w, http:\/\/familyservices54.fr\/wp-content\/uploads\/2023\/10\/Logo-FAMILYSERVICES54.png 360w\" sizes=\"(max-width: 480px) 150px\" src=\"https:\/\/familyservices54.fr\/wp-content\/uploads\/2023\/10\/Logo-FAMILYSERVICES54.png\" alt=\"\" class=\"uag-image-1157\" width=\"397\" height=\"352\" title=\"\" loading=\"lazy\"\/><\/figure><\/div>\n<\/div>\n\n\n\n<div class=\"wp-block-uagb-container uagb-block-8d06d826\">\n<p><strong>FamilyServices54<\/strong> vous proposent diff\u00e9rents services selon vos attentes. <br>\u00c0 la signature du contrat nous \u00e9tablissons ensemble vos besoins ainsi<br>que la fr\u00e9quence de passage de nos agents. Vous pouvez \u00e0 tout moment r\u00e9silier celui ci avec un pr\u00e9avis de 15 jours.<\/p>\n\n\n\n<div class=\"wp-block-uagb-advanced-heading uagb-block-64e842f8\"><p class=\"uagb-desc-text\">M\u00e9nage r\u00e9gulier, m\u00e9nage ponctuel, repassage ou tout autre aide \u00e0 domicile <strong>FamilyServices54<\/strong> est l\u00e0 pour vous aider !<\/p><\/div>\n<\/div>\n<\/div><\/div>\n\n\n\n<div class=\"wp-block-uagb-container uagb-block-adc91568 alignfull uagb-is-root-container\"><div class=\"uagb-container-inner-blocks-wrap\">\n<div class=\"wp-block-uagb-container uagb-block-bcf3199f\">\n<div class=\"wp-block-uagb-info-box uagb-block-874b42a6 uagb-infobox__content-wrap  uagb-infobox-icon-left uagb-infobox-left uagb-infobox-stacked-mobile uagb-infobox-image-valign-top\"><div class=\"uagb-ifb-icon-wrap\"><div class=\"uagb-iconbox-icon-wrap uagb-infobox-shape-circle\"><svg xmlns=\"https:\/\/www.w3.org\/2000\/svg\" viewBox=\"0 0 640 512\"><path d=\"M384 480C384 491.7 387.1 502.6 392.6 512H392C369.9 512 352 494.1 352 472V384C352 366.3 337.7 352 320 352H256C238.3 352 224 366.3 224 384V472C224 494.1 206.1 512 184 512H128.1C126.6 512 125.1 511.9 123.6 511.8C122.4 511.9 121.2 512 120 512H104C81.91 512 64 494.1 64 472V360C64 359.1 64.03 358.1 64.09 357.2V287.6H32.05C14.02 287.6 0 273.5 0 255.5C0 246.5 3.004 238.5 10.01 231.5L266.4 8.016C273.4 1.002 281.4 0 288.4 0C295.4 0 303.4 2.004 309.5 7.014L490.7 166.3C447.2 181.7 416 223.2 416 272V296.6C396.9 307.6 384 328.3 384 352L384 480zM528 192C572.2 192 608 227.8 608 272V320C625.7 320 640 334.3 640 352V480C640 497.7 625.7 512 608 512H448C430.3 512 416 497.7 416 480V352C416 334.3 430.3 320 448 320V272C448 227.8 483.8 192 528 192zM528 240C510.3 240 496 254.3 496 272V320H560V272C560 254.3 545.7 240 528 240z\"><\/path><\/svg><\/div><\/div><div class=\"uagb-ifb-content\"><div class=\"uagb-ifb-title-wrap\"><h3 class=\"uagb-ifb-title\">Du personnel de confiance<\/h3><\/div><p class=\"uagb-ifb-desc\"><font _mstmutation=\"1\"><\/font><\/p><\/div><\/div>\n<\/div>\n\n\n\n<div class=\"wp-block-uagb-container uagb-block-8400db9d\">\n<div class=\"wp-block-uagb-info-box uagb-block-54969740 uagb-infobox__content-wrap  uagb-infobox-icon-left uagb-infobox-left uagb-infobox-stacked-mobile uagb-infobox-image-valign-top\"><div class=\"uagb-ifb-icon-wrap\"><div class=\"uagb-iconbox-icon-wrap uagb-infobox-shape-circle\"><svg xmlns=\"https:\/\/www.w3.org\/2000\/svg\" viewBox=\"0 0 448 512\"><path d=\"M438.6 105.4C451.1 117.9 451.1 138.1 438.6 150.6L182.6 406.6C170.1 419.1 149.9 419.1 137.4 406.6L9.372 278.6C-3.124 266.1-3.124 245.9 9.372 233.4C21.87 220.9 42.13 220.9 54.63 233.4L159.1 338.7L393.4 105.4C405.9 92.88 426.1 92.88 438.6 105.4H438.6z\"><\/path><\/svg><\/div><\/div><div class=\"uagb-ifb-content\"><div class=\"uagb-ifb-title-wrap\"><h3 class=\"uagb-ifb-title\"> Des prestations de qualit\u00e9<\/h3><\/div><p class=\"uagb-ifb-desc\"><font _mstmutation=\"1\"><\/font><\/p><\/div><\/div>\n<\/div>\n\n\n\n<div class=\"wp-block-uagb-container uagb-block-cc0672e1\">\n<div class=\"wp-block-uagb-info-box uagb-block-efe377d0 uagb-infobox__content-wrap  uagb-infobox-icon-left uagb-infobox-left uagb-infobox-stacked-mobile uagb-infobox-image-valign-top\"><div class=\"uagb-ifb-icon-wrap\"><div class=\"uagb-iconbox-icon-wrap uagb-infobox-shape-circle\"><svg xmlns=\"https:\/\/www.w3.org\/2000\/svg\" viewBox=\"0 0 512 512\"><path d=\"M128 447.1V223.1c0-17.67-14.33-31.1-32-31.1H32c-17.67 0-32 14.33-32 31.1v223.1c0 17.67 14.33 31.1 32 31.1h64C113.7 479.1 128 465.6 128 447.1zM512 224.1c0-26.5-21.48-47.98-48-47.98h-146.5c22.77-37.91 34.52-80.88 34.52-96.02C352 56.52 333.5 32 302.5 32c-63.13 0-26.36 76.15-108.2 141.6L178 186.6C166.2 196.1 160.2 210 160.1 224c-.0234 .0234 0 0 0 0L160 384c0 15.1 7.113 29.33 19.2 38.39l34.14 25.59C241 468.8 274.7 480 309.3 480H368c26.52 0 48-21.47 48-47.98c0-3.635-.4805-7.143-1.246-10.55C434 415.2 448 397.4 448 376c0-9.148-2.697-17.61-7.139-24.88C463.1 347 480 327.5 480 304.1c0-12.5-4.893-23.78-12.72-32.32C492.2 270.1 512 249.5 512 224.1z\"><\/path><\/svg><\/div><\/div><div class=\"uagb-ifb-content\"><div class=\"uagb-ifb-title-wrap\"><h3 class=\"uagb-ifb-title\">Un gain de temps pour vous<\/h3><\/div><p class=\"uagb-ifb-desc\"><font _mstmutation=\"1\"><\/font><\/p><\/div><\/div>\n<\/div>\n<\/div><\/div>\n\n\n\n<div class=\"wp-block-uagb-container uagb-block-0d17d5e2 alignfull uagb-is-root-container\"><div class=\"uagb-container-inner-blocks-wrap\">\n<div class=\"wp-block-uagb-container uagb-block-2af2b143\">\n<div class=\"wp-block-uagb-container uagb-block-c10c6e84\">\n<div class=\"wp-block-uagb-image uagb-block-ae20789f wp-block-uagb-image--layout-default wp-block-uagb-image--effect-static wp-block-uagb-image--align-none\"><figure class=\"wp-block-uagb-image__figure\"><img decoding=\"async\" srcset=\"http:\/\/familyservices54.fr\/wp-content\/uploads\/2023\/10\/salon-propre-serein-decor-minimaliste_795881-4977.webp ,http:\/\/familyservices54.fr\/wp-content\/uploads\/2023\/10\/salon-propre-serein-decor-minimaliste_795881-4977.webp 780w, http:\/\/familyservices54.fr\/wp-content\/uploads\/2023\/10\/salon-propre-serein-decor-minimaliste_795881-4977.webp 360w\" sizes=\"(max-width: 480px) 150px\" src=\"http:\/\/familyservices54.fr\/wp-content\/uploads\/2023\/10\/salon-propre-serein-decor-minimaliste_795881-4977.webp\" alt=\"\" class=\"uag-image-1190\" width=\"1000\" height=\"809\" title=\"\" loading=\"lazy\"\/><\/figure><\/div>\n<\/div>\n\n\n\n<div class=\"wp-block-uagb-container uagb-block-04652666\">\n<div class=\"wp-block-uagb-advanced-heading uagb-block-e3712abd\"><h2 class=\"uagb-heading-text\">M\u00e9nage r\u00e9gulier<\/h2><p class=\"uagb-desc-text\">\u00c0 la signature du contrat nous d\u00e9finissons avec vous la fr\u00e9quence et la dur\u00e9e des interventions \u00e0 domicile, \u00e0 heures et jour fixes ainsi que vos besoins. Nous faisons \u00e9galement en sorte que vous puissiez avoir un agent d&rsquo;entretien habituelle.<\/p><\/div>\n\n\n\n<div class=\"wp-block-uagb-icon-list uagb-block-de5f8599\"><div class=\"uagb-icon-list__wrap\">\n<div class=\"wp-block-uagb-icon-list-child uagb-block-fa2716fc\"><a target=\"_self\" aria-label=\"Passage de l\u2019aspirateur (sols, tapis, plinthes, dessous de lits\u2026) et le lavage des sols \u200b\" rel=\"noopener noreferrer\" href=\"#\"> <\/a><span class=\"uagb-icon-list__source-wrap\"><svg xmlns=\"https:\/\/www.w3.org\/2000\/svg\" viewBox=\"0 0 512 512\"><path d=\"M0 256C0 114.6 114.6 0 256 0C397.4 0 512 114.6 512 256C512 397.4 397.4 512 256 512C114.6 512 0 397.4 0 256zM371.8 211.8C382.7 200.9 382.7 183.1 371.8 172.2C360.9 161.3 343.1 161.3 332.2 172.2L224 280.4L179.8 236.2C168.9 225.3 151.1 225.3 140.2 236.2C129.3 247.1 129.3 264.9 140.2 275.8L204.2 339.8C215.1 350.7 232.9 350.7 243.8 339.8L371.8 211.8z\"><\/path><\/svg><\/span><span class=\"uagb-icon-list__label\"><strong>Passage de l\u2019aspirateur (sols, tapis, plinthes, dessous de lits\u2026) et le lavage des sols<\/strong> \u200b<\/span><\/div>\n\n\n\n<div class=\"wp-block-uagb-icon-list-child uagb-block-87ddb3b1\"><a target=\"_self\" aria-label=\"Nettoyage des sanitaires\u200b\" rel=\"noopener noreferrer\" href=\"#\"> <\/a><span class=\"uagb-icon-list__source-wrap\"><svg xmlns=\"https:\/\/www.w3.org\/2000\/svg\" viewBox=\"0 0 512 512\"><path d=\"M0 256C0 114.6 114.6 0 256 0C397.4 0 512 114.6 512 256C512 397.4 397.4 512 256 512C114.6 512 0 397.4 0 256zM371.8 211.8C382.7 200.9 382.7 183.1 371.8 172.2C360.9 161.3 343.1 161.3 332.2 172.2L224 280.4L179.8 236.2C168.9 225.3 151.1 225.3 140.2 236.2C129.3 247.1 129.3 264.9 140.2 275.8L204.2 339.8C215.1 350.7 232.9 350.7 243.8 339.8L371.8 211.8z\"><\/path><\/svg><\/span><span class=\"uagb-icon-list__label\">Nettoyage des sanitaires\u200b<\/span><\/div>\n\n\n\n<div class=\"wp-block-uagb-icon-list-child uagb-block-95cbd156\"><a target=\"_self\" aria-label=\"Nettoyage de la cuisine (vaisselle, rangement, nettoyage, d\u00e9graissage) \u200b\" rel=\"noopener noreferrer\" href=\"#\"> <\/a><span class=\"uagb-icon-list__source-wrap\"><svg xmlns=\"https:\/\/www.w3.org\/2000\/svg\" viewBox=\"0 0 512 512\"><path d=\"M0 256C0 114.6 114.6 0 256 0C397.4 0 512 114.6 512 256C512 397.4 397.4 512 256 512C114.6 512 0 397.4 0 256zM371.8 211.8C382.7 200.9 382.7 183.1 371.8 172.2C360.9 161.3 343.1 161.3 332.2 172.2L224 280.4L179.8 236.2C168.9 225.3 151.1 225.3 140.2 236.2C129.3 247.1 129.3 264.9 140.2 275.8L204.2 339.8C215.1 350.7 232.9 350.7 243.8 339.8L371.8 211.8z\"><\/path><\/svg><\/span><span class=\"uagb-icon-list__label\">Nettoyage de la cuisine (vaisselle, rangement, nettoyage, d\u00e9graissage) \u200b<\/span><\/div>\n\n\n\n<div class=\"wp-block-uagb-icon-list-child uagb-block-4d35cb35\"><a target=\"_self\" aria-label=\"Nettoyage des sanitaires \u200b\" rel=\"noopener noreferrer\" href=\"#\"> <\/a><span class=\"uagb-icon-list__source-wrap\"><svg xmlns=\"https:\/\/www.w3.org\/2000\/svg\" viewBox=\"0 0 512 512\"><path d=\"M0 256C0 114.6 114.6 0 256 0C397.4 0 512 114.6 512 256C512 397.4 397.4 512 256 512C114.6 512 0 397.4 0 256zM371.8 211.8C382.7 200.9 382.7 183.1 371.8 172.2C360.9 161.3 343.1 161.3 332.2 172.2L224 280.4L179.8 236.2C168.9 225.3 151.1 225.3 140.2 236.2C129.3 247.1 129.3 264.9 140.2 275.8L204.2 339.8C215.1 350.7 232.9 350.7 243.8 339.8L371.8 211.8z\"><\/path><\/svg><\/span><span class=\"uagb-icon-list__label\">Nettoyage des sanitaires \u200b<\/span><\/div>\n\n\n\n<div class=\"wp-block-uagb-icon-list-child uagb-block-50155e65\"><a target=\"_self\" aria-label=\"Nettoyage des vitres et encadrements\u200b\" rel=\"noopener noreferrer\" href=\"#\"> <\/a><span class=\"uagb-icon-list__source-wrap\"><svg xmlns=\"https:\/\/www.w3.org\/2000\/svg\" viewBox=\"0 0 512 512\"><path d=\"M0 256C0 114.6 114.6 0 256 0C397.4 0 512 114.6 512 256C512 397.4 397.4 512 256 512C114.6 512 0 397.4 0 256zM371.8 211.8C382.7 200.9 382.7 183.1 371.8 172.2C360.9 161.3 343.1 161.3 332.2 172.2L224 280.4L179.8 236.2C168.9 225.3 151.1 225.3 140.2 236.2C129.3 247.1 129.3 264.9 140.2 275.8L204.2 339.8C215.1 350.7 232.9 350.7 243.8 339.8L371.8 211.8z\"><\/path><\/svg><\/span><span class=\"uagb-icon-list__label\">Nettoyage des vitres et encadrements\u200b<\/span><\/div>\n\n\n\n<div class=\"wp-block-uagb-icon-list-child uagb-block-53eebf4b\"><a target=\"_self\" aria-label=\"D\u00e9poussi\u00e9rage\" rel=\"noopener noreferrer\" href=\"#\"> <\/a><span class=\"uagb-icon-list__source-wrap\"><svg xmlns=\"https:\/\/www.w3.org\/2000\/svg\" viewBox=\"0 0 512 512\"><path d=\"M0 256C0 114.6 114.6 0 256 0C397.4 0 512 114.6 512 256C512 397.4 397.4 512 256 512C114.6 512 0 397.4 0 256zM371.8 211.8C382.7 200.9 382.7 183.1 371.8 172.2C360.9 161.3 343.1 161.3 332.2 172.2L224 280.4L179.8 236.2C168.9 225.3 151.1 225.3 140.2 236.2C129.3 247.1 129.3 264.9 140.2 275.8L204.2 339.8C215.1 350.7 232.9 350.7 243.8 339.8L371.8 211.8z\"><\/path><\/svg><\/span><span class=\"uagb-icon-list__label\">D\u00e9poussi\u00e9rage<\/span><\/div>\n\n\n\n<div class=\"wp-block-uagb-icon-list-child uagb-block-d8ac4aac\"><a target=\"_self\" aria-label=\"\u200bRepassage\" rel=\"noopener noreferrer\" href=\"#\"> <\/a><span class=\"uagb-icon-list__source-wrap\"><svg xmlns=\"https:\/\/www.w3.org\/2000\/svg\" viewBox=\"0 0 512 512\"><path d=\"M0 256C0 114.6 114.6 0 256 0C397.4 0 512 114.6 512 256C512 397.4 397.4 512 256 512C114.6 512 0 397.4 0 256zM371.8 211.8C382.7 200.9 382.7 183.1 371.8 172.2C360.9 161.3 343.1 161.3 332.2 172.2L224 280.4L179.8 236.2C168.9 225.3 151.1 225.3 140.2 236.2C129.3 247.1 129.3 264.9 140.2 275.8L204.2 339.8C215.1 350.7 232.9 350.7 243.8 339.8L371.8 211.8z\"><\/path><\/svg><\/span><span class=\"uagb-icon-list__label\">\u200bRepassage<\/span><\/div>\n<\/div><\/div>\n<\/div>\n<\/div>\n\n\n\n<div class=\"wp-block-uagb-container uagb-block-40d3a90e\">\n<div class=\"wp-block-uagb-container uagb-block-f2cfb020\">\n<div class=\"wp-block-uagb-image uagb-block-d82fabe5 wp-block-uagb-image--layout-default wp-block-uagb-image--effect-static wp-block-uagb-image--align-none\"><figure class=\"wp-block-uagb-image__figure\"><img decoding=\"async\" srcset=\"http:\/\/familyservices54.fr\/wp-content\/uploads\/2023\/10\/prestation-grand-menage.jpg ,http:\/\/familyservices54.fr\/wp-content\/uploads\/2023\/10\/prestation-grand-menage.jpg 780w, http:\/\/familyservices54.fr\/wp-content\/uploads\/2023\/10\/prestation-grand-menage.jpg 360w\" sizes=\"(max-width: 480px) 150px\" src=\"http:\/\/familyservices54.fr\/wp-content\/uploads\/2023\/10\/prestation-grand-menage.jpg\" alt=\"\" class=\"uag-image-1192\" width=\"800\" height=\"533\" title=\"\" loading=\"lazy\"\/><\/figure><\/div>\n<\/div>\n\n\n\n<div class=\"wp-block-uagb-container uagb-block-bf4fbd7c\">\n<div class=\"wp-block-uagb-advanced-heading uagb-block-38eee5e8\"><h2 class=\"uagb-heading-text\">M\u00e9nage ponctuel\u200b<\/h2><p class=\"uagb-desc-text\">En cas d&rsquo;hospitalisation, de grossesse, ou \u00e0 l&rsquo;arriv\u00e9e d&rsquo;un enfant ou pour toute autre raison qui n\u00e9cessiterait l&rsquo;intervention d&rsquo;une aide m\u00e9nag\u00e8re, nous vous proposons nos services pour un m\u00e9nage ponctuel. Nous intervenons une ou plusieurs fois dans l&rsquo;ann\u00e9e pour vos besoins sp\u00e9cifiques.<\/p><\/div>\n<\/div>\n<\/div>\n\n\n\n<div class=\"wp-block-uagb-container uagb-block-dbb38139\">\n<div class=\"wp-block-uagb-container uagb-block-99a9ccc3\">\n<div class=\"wp-block-uagb-image uagb-block-e97f59a9 wp-block-uagb-image--layout-default wp-block-uagb-image--effect-static wp-block-uagb-image--align-none\"><figure class=\"wp-block-uagb-image__figure\"><img decoding=\"async\" srcset=\"http:\/\/familyservices54.fr\/wp-content\/uploads\/2023\/10\/repassage-linge-esat-lavage.jpg ,http:\/\/familyservices54.fr\/wp-content\/uploads\/2023\/10\/repassage-linge-esat-lavage.jpg 780w, http:\/\/familyservices54.fr\/wp-content\/uploads\/2023\/10\/repassage-linge-esat-lavage.jpg 360w\" sizes=\"(max-width: 480px) 150px\" src=\"http:\/\/familyservices54.fr\/wp-content\/uploads\/2023\/10\/repassage-linge-esat-lavage.jpg\" alt=\"\" class=\"uag-image-1193\" width=\"800\" height=\"533\" title=\"\" loading=\"lazy\"\/><\/figure><\/div>\n<\/div>\n\n\n\n<div class=\"wp-block-uagb-container uagb-block-088a25df\">\n<div class=\"wp-block-uagb-advanced-heading uagb-block-2f3ec4c4\"><h2 class=\"uagb-heading-text\">Repassage<\/h2><p class=\"uagb-desc-text\">Et si le repassage devenait une t\u00e2che \u00e0 laquelle vous n&rsquo;avez plus \u00e0 penser ?<\/p><\/div>\n\n\n\n<div class=\"wp-block-uagb-icon-list uagb-block-d446dd3e\"><div class=\"uagb-icon-list__wrap\">\n<div class=\"wp-block-uagb-icon-list-child uagb-block-b0879440\"><a target=\"_self\" aria-label=\"Du personnel form\u00e9 \u200b\" rel=\"noopener noreferrer\" href=\"#\"> <\/a><span class=\"uagb-icon-list__source-wrap\"><svg xmlns=\"https:\/\/www.w3.org\/2000\/svg\" viewBox=\"0 0 512 512\"><path d=\"M0 256C0 114.6 114.6 0 256 0C397.4 0 512 114.6 512 256C512 397.4 397.4 512 256 512C114.6 512 0 397.4 0 256zM371.8 211.8C382.7 200.9 382.7 183.1 371.8 172.2C360.9 161.3 343.1 161.3 332.2 172.2L224 280.4L179.8 236.2C168.9 225.3 151.1 225.3 140.2 236.2C129.3 247.1 129.3 264.9 140.2 275.8L204.2 339.8C215.1 350.7 232.9 350.7 243.8 339.8L371.8 211.8z\"><\/path><\/svg><\/span><span class=\"uagb-icon-list__label\">Du personnel form\u00e9 \u200b<\/span><\/div>\n\n\n\n<div class=\"wp-block-uagb-icon-list-child uagb-block-e4c514e9\"><a target=\"_self\" aria-label=\"Une prestation \u00e0 domicile \u200b\" rel=\"noopener noreferrer\" href=\"#\"> <\/a><span class=\"uagb-icon-list__source-wrap\"><svg xmlns=\"https:\/\/www.w3.org\/2000\/svg\" viewBox=\"0 0 512 512\"><path d=\"M0 256C0 114.6 114.6 0 256 0C397.4 0 512 114.6 512 256C512 397.4 397.4 512 256 512C114.6 512 0 397.4 0 256zM371.8 211.8C382.7 200.9 382.7 183.1 371.8 172.2C360.9 161.3 343.1 161.3 332.2 172.2L224 280.4L179.8 236.2C168.9 225.3 151.1 225.3 140.2 236.2C129.3 247.1 129.3 264.9 140.2 275.8L204.2 339.8C215.1 350.7 232.9 350.7 243.8 339.8L371.8 211.8z\"><\/path><\/svg><\/span><span class=\"uagb-icon-list__label\">Une prestation \u00e0 domicile \u200b<\/span><\/div>\n\n\n\n<div class=\"wp-block-uagb-icon-list-child uagb-block-efeeebdb\"><a target=\"_self\" aria-label=\"Des horaires qui vous conviennent \u200b\" rel=\"noopener noreferrer\" href=\"#\"> <\/a><span class=\"uagb-icon-list__source-wrap\"><svg xmlns=\"https:\/\/www.w3.org\/2000\/svg\" viewBox=\"0 0 512 512\"><path d=\"M0 256C0 114.6 114.6 0 256 0C397.4 0 512 114.6 512 256C512 397.4 397.4 512 256 512C114.6 512 0 397.4 0 256zM371.8 211.8C382.7 200.9 382.7 183.1 371.8 172.2C360.9 161.3 343.1 161.3 332.2 172.2L224 280.4L179.8 236.2C168.9 225.3 151.1 225.3 140.2 236.2C129.3 247.1 129.3 264.9 140.2 275.8L204.2 339.8C215.1 350.7 232.9 350.7 243.8 339.8L371.8 211.8z\"><\/path><\/svg><\/span><span class=\"uagb-icon-list__label\">Des horaires qui vous conviennent \u200b<\/span><\/div>\n<\/div><\/div>\n<\/div>\n<\/div>\n<\/div><\/div>\n\n\n\n<div class=\"wp-block-uagb-container uagb-block-8a11ab3e alignfull uagb-is-root-container\"><div class=\"uagb-container-inner-blocks-wrap\"><\/div><\/div>\n\n\n\n<div class=\"wp-block-uagb-container uagb-block-a7c41d6b alignfull uagb-is-root-container\"><div class=\"uagb-container-inner-blocks-wrap\">\n<div class=\"wp-block-uagb-info-box uagb-block-e1e1c1f0 uagb-infobox__content-wrap  uagb-infobox-icon-above-title uagb-infobox-image-valign-top\"><div class=\"uagb-ifb-content\"><div class=\"uagb-ifb-title-wrap\"><div class=\"uagb-ifb-separator\"><\/div><h2 class=\"uagb-ifb-title\">Contacter FAMILYSERVICES54<\/h2><\/div><p class=\"uagb-ifb-desc\">Ou effectuez directement votre demande par mail sur ;\u00a0<strong><em>familyservices54@gmail.com<\/em><\/strong><\/p><\/div><\/div>\n\n\n\n<div class=\"wp-block-uagb-forms uagb-forms__outer-wrap uagb-block-c68628cf uagb-forms__medium-btn\"><form class=\"uagb-forms-main-form\" method=\"post\" autocomplete=\"on\" name=\"uagb-form-c68628cf\">\n<div class=\"wp-block-uagb-forms-name uagb-forms-name-wrap uagb-forms-field-set uagb-block-692d9aa5\"><div class=\"uagb-forms-name-label required uagb-forms-input-label\" id=\"692d9aa5\">Pr\u00e9nom<\/div><input type=\"text\" placeholder=\"John\" required class=\"uagb-forms-name-input uagb-forms-input\" name=\"692d9aa5\" autocomplete=\"given-name\"\/><\/div>\n\n\n\n<div class=\"wp-block-uagb-forms-name uagb-forms-name-wrap uagb-forms-field-set uagb-block-69f9cd0f\"><div class=\"uagb-forms-name-label required uagb-forms-input-label\" id=\"69f9cd0f\">Nom de Famille<\/div><input type=\"text\" placeholder=\"Doe\" required class=\"uagb-forms-name-input uagb-forms-input\" name=\"69f9cd0f\" autocomplete=\"family-name\"\/><\/div>\n\n\n\n<div class=\"wp-block-uagb-forms-email uagb-forms-email-wrap uagb-forms-field-set uagb-block-464b338e\"><div class=\"uagb-forms-email-label  uagb-forms-input-label\" id=\"464b338e\">E-mail<\/div><input type=\"email\" class=\"uagb-forms-email-input uagb-forms-input\" placeholder=\"exemple@mail.com\" name=\"464b338e\" autocomplete=\"email\"\/><\/div>\n\n\n\n<div class=\"wp-block-uagb-forms-textarea uagb-forms-textarea-wrap uagb-forms-field-set uagb-block-c48cbe8b\"><div class=\"uagb-forms-textarea-label required uagb-forms-input-label\" id=\"c48cbe8b\">Message<\/div><textarea required class=\"uagb-forms-textarea-input uagb-forms-input\" rows=\"4\" placeholder=\"Saisissez votre message\" name=\"c48cbe8b\" autocomplete=\"off\"><\/textarea><\/div>\n<div class=\"uagb-forms-form-hidden-data\"><input type=\"hidden\" class=\"uagb_forms_form_label\" value=\"Formulaire Spectra\"\/><input type=\"hidden\" class=\"uagb_forms_form_id\" value=\"uagb-form-c68628cf\"\/><\/div><div class=\"uagb-form-reacaptcha-error-c68628cf\"><\/div><div class=\"uagb-forms-main-submit-button-wrap wp-block-button\"><button class=\"uagb-forms-main-submit-button wp-block-button__link\"><div class=\"uagb-forms-main-submit-button-text\">Envoyer<\/div><\/button><\/div><\/form><div class=\"uagb-forms-success-message-c68628cf uagb-forms-submit-message-hide\"><span>Le formulaire a bien \u00e9t\u00e9 envoy\u00e9\u00a0!<\/span><\/div><div class=\"uagb-forms-failed-message-c68628cf uagb-forms-submit-message-hide\"><span>Une erreur s\u2019est produite lors de l\u2019envoi du formulaire. Veuillez v\u00e9rifier \u00e0 nouveau tous les champs du formulaire.<\/span><\/div><\/div>\n<\/div><\/div>\n","protected":false},"excerpt":{"rendered":"<p>FamilyServices54 vous proposent diff\u00e9rents services selon vos attentes. \u00c0 la signature du contrat nous \u00e9tablissons ensemble vos besoins ainsique la fr\u00e9quence de passage de nos agents. Vous pouvez \u00e0 tout moment r\u00e9silier celui ci avec un pr\u00e9avis de 15 jours. M\u00e9nage r\u00e9gulier, m\u00e9nage ponctuel, repassage ou tout autre aide \u00e0 domicile FamilyServices54 est l\u00e0 pour &hellip;<\/p>\n<p class=\"read-more\"> <a class=\"\" href=\"https:\/\/familyservices54.fr\/?page_id=1085\"> <span class=\"screen-reader-text\">Nos services<\/span> Lire la suite\u00a0\u00bb<\/a><\/p>\n","protected":false},"author":1,"featured_media":0,"parent":0,"menu_order":0,"comment_status":"closed","ping_status":"closed","template":"","meta":{"_uag_custom_page_level_css":"","site-sidebar-layout":"default","site-content-layout":"plain-container","ast-site-content-layout":"normal-width-container","site-content-style":"unboxed","site-sidebar-style":"unboxed","ast-global-header-display":"","ast-banner-title-visibility":"","ast-main-header-display":"","ast-hfb-above-header-display":"","ast-hfb-below-header-display":"","ast-hfb-mobile-header-display":"","site-post-title":"disabled","ast-breadcrumbs-content":"","ast-featured-img":"","footer-sml-layout":"","theme-transparent-header-meta":"enabled","adv-header-id-meta":"","stick-header-meta":"","header-above-stick-meta":"","header-main-stick-meta":"","header-below-stick-meta":"","astra-migrate-meta-layouts":"set","ast-page-background-enabled":"default","ast-page-background-meta":{"desktop":{"background-color":"","background-image":"","background-repeat":"repeat","background-position":"center center","background-size":"auto","background-attachment":"scroll","background-type":"","background-media":"","overlay-type":"","overlay-color":"","overlay-gradient":""},"tablet":{"background-color":"","background-image":"","background-repeat":"repeat","background-position":"center center","background-size":"auto","background-attachment":"scroll","background-type":"","background-media":"","overlay-type":"","overlay-color":"","overlay-gradient":""},"mobile":{"background-color":"","background-image":"","background-repeat":"repeat","background-position":"center center","background-size":"auto","background-attachment":"scroll","background-type":"","background-media":"","overlay-type":"","overlay-color":"","overlay-gradient":""}},"ast-content-background-meta":{"desktop":{"background-color":"var(--ast-global-color-5)","background-image":"","background-repeat":"repeat","background-position":"center center","background-size":"auto","background-attachment":"scroll","background-type":"","background-media":"","overlay-type":"","overlay-color":"","overlay-gradient":""},"tablet":{"background-color":"var(--ast-global-color-5)","background-image":"","background-repeat":"repeat","background-position":"center center","background-size":"auto","background-attachment":"scroll","background-type":"","background-media":"","overlay-type":"","overlay-color":"","overlay-gradient":""},"mobile":{"background-color":"var(--ast-global-color-5)","background-image":"","background-repeat":"repeat","background-position":"center center","background-size":"auto","background-attachment":"scroll","background-type":"","background-media":"","overlay-type":"","overlay-color":"","overlay-gradient":""}},"footnotes":""},"uagb_featured_image_src":{"full":false,"thumbnail":false,"medium":false,"medium_large":false,"large":false,"1536x1536":false,"2048x2048":false},"uagb_author_info":{"display_name":"familyservices54.fr","author_link":"https:\/\/familyservices54.fr\/?author=1"},"uagb_comment_info":0,"uagb_excerpt":"FamilyServices54 vous proposent diff\u00e9rents services selon vos attentes. \u00c0 la signature du contrat nous \u00e9tablissons ensemble vos besoins ainsique la fr\u00e9quence de passage de nos agents. Vous pouvez \u00e0 tout moment r\u00e9silier celui ci avec un pr\u00e9avis de 15 jours. M\u00e9nage r\u00e9gulier, m\u00e9nage ponctuel, repassage ou tout autre aide \u00e0 domicile FamilyServices54 est l\u00e0 pour\u2026","_links":{"self":[{"href":"https:\/\/familyservices54.fr\/index.php?rest_route=\/wp\/v2\/pages\/1085"}],"collection":[{"href":"https:\/\/familyservices54.fr\/index.php?rest_route=\/wp\/v2\/pages"}],"about":[{"href":"https:\/\/familyservices54.fr\/index.php?rest_route=\/wp\/v2\/types\/page"}],"author":[{"embeddable":true,"href":"https:\/\/familyservices54.fr\/index.php?rest_route=\/wp\/v2\/users\/1"}],"replies":[{"embeddable":true,"href":"https:\/\/familyservices54.fr\/index.php?rest_route=%2Fwp%2Fv2%2Fcomments&post=1085"}],"version-history":[{"count":17,"href":"https:\/\/familyservices54.fr\/index.php?rest_route=\/wp\/v2\/pages\/1085\/revisions"}],"predecessor-version":[{"id":1269,"href":"https:\/\/familyservices54.fr\/index.php?rest_route=\/wp\/v2\/pages\/1085\/revisions\/1269"}],"wp:attachment":[{"href":"https:\/\/familyservices54.fr\/index.php?rest_route=%2Fwp%2Fv2%2Fmedia&parent=1085"}],"curies":[{"name":"wp","href":"https:\/\/api.w.org\/{rel}","templated":true}]}}